{"id":7112,"date":"2018-11-18T21:41:50","date_gmt":"2018-11-18T20:41:50","guid":{"rendered":"http:\/\/tartletos.nl\/?page_id=7112"},"modified":"2026-05-07T21:23:32","modified_gmt":"2026-05-07T19:23:32","slug":"sponsoren","status":"publish","type":"page","link":"https:\/\/tartletos.nl\/en\/sponsoren\/","title":{"rendered":"Sponsors"},"content":{"rendered":"<p>Tartl\u00e9tos has a contract with three partners\/sponsors. As a member of Tartl\u00e9tos you can benefit from this. The partners\/sponsors will be introduced below.<\/p>\n<p><strong>Become a Sponsor<\/strong><\/p>\n<p>Would you like to sponsor Tartl\u00e9tos or learn more about a sponsorship? Send an email to sponsor@tartletos.nl for more information.<\/p>\n<p>&nbsp;<\/p>\n<p><strong>Runnersworld Ede<\/strong><\/p>\n<p>Runnersworld is a shop where you can find a lot of stuff you need for doing athletics. Members of Tartl\u00e9tos can have a 10 percent discount on all running shoes, clothes and other stuff (except for articles which are on sale or in combination with other discount actions). When buying shoes, you get professional analysis about your running form to make sure you buy the shoes which fit you best. Wearing the right shoes can prevent injuries.<\/p>\n<p>More information about Runnersworld Ede can be found on: <a href=\"https:\/\/www.runnersworld.nl\/vestigingen\/ede\/\">https:\/\/www.runnersworld.nl\/vestigingen\/ede\/<\/a>.<\/p>\n<p>&nbsp;<\/p>\n<p><strong>DressMe Clothing Wageningen<\/strong><\/p>\n<p>DressMe is a company which sells printed fabric. Tartl\u00e9tos gets a 10 percent discount when buying board and committee clothing at DressMe. Also, members of Tartl\u00e9tos can get a 10 percent discount on printed cloth. Furthermore, Tartl\u00e9tos gets sum of money from DressMe, dependent on the amount of money Tartl\u00e9tos and tarl\u00e9tes spend during the previous year.<\/p>\n<p>More information about DressMe Clothing can be found on: <a href=\"https:\/\/www.dressmeclothing.nl\/\">https:\/\/www.dressmeclothing.nl\/<\/a>.<\/p>","protected":false},"excerpt":{"rendered":"<p>Tartl\u00e9tos has a contract with three partners\/sponsors. As a member of Tartl\u00e9tos you can benefit from this. The partners\/sponsors will be introduced below. Become a [&hellip;] <span class=\"read-more-link\"><a class=\"read-more\" href=\"https:\/\/tartletos.nl\/en\/sponsoren\/\">Read More<\/a><\/span><\/p>\n","protected":false},"author":208,"featured_media":0,"parent":0,"menu_order":0,"comment_status":"closed","ping_status":"closed","template":"","meta":{"_monsterinsights_skip_tracking":false,"_monsterinsights_sitenote_active":false,"_monsterinsights_sitenote_note":"","_monsterinsights_sitenote_category":0,"footnotes":""},"class_list":["post-7112","page","type-page","status-publish","hentry"],"aioseo_notices":[],"_links":{"self":[{"href":"https:\/\/tartletos.nl\/en\/wp-json\/wp\/v2\/pages\/7112","targetHints":{"allow":["GET"]}}],"collection":[{"href":"https:\/\/tartletos.nl\/en\/wp-json\/wp\/v2\/pages"}],"about":[{"href":"https:\/\/tartletos.nl\/en\/wp-json\/wp\/v2\/types\/page"}],"author":[{"embeddable":true,"href":"https:\/\/tartletos.nl\/en\/wp-json\/wp\/v2\/users\/208"}],"replies":[{"embeddable":true,"href":"https:\/\/tartletos.nl\/en\/wp-json\/wp\/v2\/comments?post=7112"}],"version-history":[{"count":0,"href":"https:\/\/tartletos.nl\/en\/wp-json\/wp\/v2\/pages\/7112\/revisions"}],"wp:attachment":[{"href":"https:\/\/tartletos.nl\/en\/wp-json\/wp\/v2\/media?parent=7112"}],"curies":[{"name":"wp","href":"https:\/\/api.w.org\/{rel}","templated":true}]}}