{"id":5624,"date":"2017-01-04T11:41:30","date_gmt":"2017-01-04T10:41:30","guid":{"rendered":"http:\/\/tartletos.nl\/?page_id=5624"},"modified":"2026-02-06T16:54:08","modified_gmt":"2026-02-06T15:54:08","slug":"activiteitencommissie","status":"publish","type":"page","link":"https:\/\/tartletos.nl\/en\/commissies\/activiteitencommissie\/","title":{"rendered":"Tartl\u00e9tos Activity Committee"},"content":{"rendered":"<p>The Tartl\u00e9tos Activity Committee, for Tartl\u00e9tes better known under the name TACo, organizes all kind of activities that are not directly related to athletics. For example, every year in November we celebrate the Tartl\u00e9tos birthday, we have a BBQ, we celebrate Sinterklaas and a lot more. The committee is all about integration and fun!<\/p>\n<p>The TACo currently consists of:<\/p>\n<ul>\n<li>Mees Schneider<\/li>\n<li>Serena Cheung<\/li>\n<li>Kuba Kraj<\/li>\n<li>Linde Horree<\/li>\n<li>Linde Candido<\/li>\n<li><span style=\"font-size: 1.125rem;\">Miriam Rietberg<\/span><\/li>\n<\/ul>\n<p>(contact: <a href=\"mailto:tartletos@wur.nl\">tartletos@wur.nl<\/a>)<\/p>\n<p><a href=\"http:\/\/tartletos.nl\/wp-content\/uploads\/2019\/11\/781e09de-4f28-449e-aa8c-a0ae41cb6b86.jpg\"><img loading=\"lazy\" decoding=\"async\" class=\"alignnone size-medium wp-image-9690\" src=\"http:\/\/tartletos.nl\/wp-content\/uploads\/2019\/11\/781e09de-4f28-449e-aa8c-a0ae41cb6b86-300x223.jpg\" alt=\"\" width=\"300\" height=\"223\" \/><\/a><\/p>","protected":false},"excerpt":{"rendered":"<p>The Tartl\u00e9tos Activity Committee, for Tartl\u00e9tes better known under the name TACo, organizes all kind of activities that are not directly related to athletics. For [&hellip;] <span class=\"read-more-link\"><a class=\"read-more\" href=\"https:\/\/tartletos.nl\/en\/commissies\/activiteitencommissie\/\">Read More<\/a><\/span><\/p>\n","protected":false},"author":8,"featured_media":0,"parent":249,"menu_order":0,"comment_status":"closed","ping_status":"closed","template":"","meta":{"_monsterinsights_skip_tracking":false,"_monsterinsights_sitenote_active":false,"_monsterinsights_sitenote_note":"","_monsterinsights_sitenote_category":0,"footnotes":""},"class_list":["post-5624","page","type-page","status-publish","hentry"],"aioseo_notices":[],"_links":{"self":[{"href":"https:\/\/tartletos.nl\/en\/wp-json\/wp\/v2\/pages\/5624","targetHints":{"allow":["GET"]}}],"collection":[{"href":"https:\/\/tartletos.nl\/en\/wp-json\/wp\/v2\/pages"}],"about":[{"href":"https:\/\/tartletos.nl\/en\/wp-json\/wp\/v2\/types\/page"}],"author":[{"embeddable":true,"href":"https:\/\/tartletos.nl\/en\/wp-json\/wp\/v2\/users\/8"}],"replies":[{"embeddable":true,"href":"https:\/\/tartletos.nl\/en\/wp-json\/wp\/v2\/comments?post=5624"}],"version-history":[{"count":0,"href":"https:\/\/tartletos.nl\/en\/wp-json\/wp\/v2\/pages\/5624\/revisions"}],"up":[{"embeddable":true,"href":"https:\/\/tartletos.nl\/en\/wp-json\/wp\/v2\/pages\/249"}],"wp:attachment":[{"href":"https:\/\/tartletos.nl\/en\/wp-json\/wp\/v2\/media?parent=5624"}],"curies":[{"name":"wp","href":"https:\/\/api.w.org\/{rel}","templated":true}]}}